{"id":472,"date":"2025-02-25T12:40:57","date_gmt":"2025-02-25T12:40:57","guid":{"rendered":"https:\/\/bth-format.pl\/?page_id=472"},"modified":"2025-02-25T12:40:59","modified_gmt":"2025-02-25T12:40:59","slug":"pisarze-mody","status":"publish","type":"page","link":"https:\/\/bth-format.pl\/ro\/pisarze-mody\/","title":{"rendered":"Scriitori de mod\u0103"},"content":{"rendered":"","protected":false},"excerpt":{"rendered":"","protected":false},"author":1,"featured_media":0,"parent":0,"menu_order":0,"comment_status":"closed","ping_status":"closed","template":"","meta":{"_acf_changed":false,"site-container-style":"default","site-container-layout":"default","site-sidebar-layout":"default","site-transparent-header":"default","prose-style":"enable","disable-article-header":"default","disable-site-header":"default","disable-site-footer":"default","disable-content-area-spacing":"default","footnotes":""},"class_list":["post-472","page","type-page","status-publish","hentry"],"acf":[],"yoast_head":"<!-- This site is optimized with the Yoast SEO plugin v23.4 - https:\/\/yoast.com\/wordpress\/plugins\/seo\/ -->\n<title>Pisarze mody - bth-format.pl<\/title>\n<meta name=\"description\" content=\"Poznaj zesp\u00f3\u0142 naszego bloga! Pasjonaci mody i eksperci dziel\u0105 si\u0119 wiedz\u0105, inspiracjami i najnowszymi trendami.\" \/>\n<meta name=\"robots\" content=\"index, follow, max-snippet:-1, max-image-preview:large, max-video-preview:-1\" \/>\n<link rel=\"canonical\" href=\"https:\/\/bth-format.pl\/ro\/pisarze-mody\/\" \/>\n<meta property=\"og:locale\" content=\"ro_RO\" \/>\n<meta property=\"og:type\" content=\"article\" \/>\n<meta property=\"og:title\" content=\"Pisarze mody - bth-format.pl\" \/>\n<meta property=\"og:description\" content=\"Poznaj zesp\u00f3\u0142 naszego bloga! Pasjonaci mody i eksperci dziel\u0105 si\u0119 wiedz\u0105, inspiracjami i najnowszymi trendami.\" \/>\n<meta property=\"og:url\" content=\"https:\/\/bth-format.pl\/ro\/pisarze-mody\/\" \/>\n<meta property=\"og:site_name\" content=\"bth-format.pl\" \/>\n<meta property=\"article:modified_time\" content=\"2025-02-25T12:40:59+00:00\" \/>\n<meta name=\"twitter:card\" content=\"summary_large_image\" \/>\n<meta name=\"twitter:label1\" content=\"Timp estimat pentru citire\" \/>\n\t<meta name=\"twitter:data1\" content=\"1 minut\" \/>\n<script type=\"application\/ld+json\" class=\"yoast-schema-graph\">{\"@context\":\"https:\/\/schema.org\",\"@graph\":[{\"@type\":\"WebPage\",\"@id\":\"https:\/\/bth-format.pl\/pisarze-mody\/\",\"url\":\"https:\/\/bth-format.pl\/pisarze-mody\/\",\"name\":\"Pisarze mody - bth-format.pl\",\"isPartOf\":{\"@id\":\"https:\/\/bth-format.pl\/#website\"},\"datePublished\":\"2025-02-25T12:40:57+00:00\",\"dateModified\":\"2025-02-25T12:40:59+00:00\",\"description\":\"Poznaj zesp\u00f3\u0142 naszego bloga! Pasjonaci mody i eksperci dziel\u0105 si\u0119 wiedz\u0105, inspiracjami i najnowszymi trendami.\",\"breadcrumb\":{\"@id\":\"https:\/\/bth-format.pl\/pisarze-mody\/#breadcrumb\"},\"inLanguage\":\"ro-RO\",\"potentialAction\":[{\"@type\":\"ReadAction\",\"target\":[\"https:\/\/bth-format.pl\/pisarze-mody\/\"]}]},{\"@type\":\"BreadcrumbList\",\"@id\":\"https:\/\/bth-format.pl\/pisarze-mody\/#breadcrumb\",\"itemListElement\":[{\"@type\":\"ListItem\",\"position\":1,\"name\":\"Home\",\"item\":\"https:\/\/bth-format.pl\/\"},{\"@type\":\"ListItem\",\"position\":2,\"name\":\"Pisarze mody\"}]},{\"@type\":\"WebSite\",\"@id\":\"https:\/\/bth-format.pl\/#website\",\"url\":\"https:\/\/bth-format.pl\/\",\"name\":\"bth-format.pl\",\"description\":\"Bluza z rogami: modny spos\u00f3b na wyra\u017cenie siebie.\",\"potentialAction\":[{\"@type\":\"SearchAction\",\"target\":{\"@type\":\"EntryPoint\",\"urlTemplate\":\"https:\/\/bth-format.pl\/?s={search_term_string}\"},\"query-input\":{\"@type\":\"PropertyValueSpecification\",\"valueRequired\":true,\"valueName\":\"search_term_string\"}}],\"inLanguage\":\"ro-RO\"}]}<\/script>\n<!-- \/ Yoast SEO plugin. -->","yoast_head_json":{"title":"Pisarze mody - bth-format.pl","description":"Poznaj zesp\u00f3\u0142 naszego bloga! Pasjonaci mody i eksperci dziel\u0105 si\u0119 wiedz\u0105, inspiracjami i najnowszymi trendami.","robots":{"index":"index","follow":"follow","max-snippet":"max-snippet:-1","max-image-preview":"max-image-preview:large","max-video-preview":"max-video-preview:-1"},"canonical":"https:\/\/bth-format.pl\/ro\/pisarze-mody\/","og_locale":"ro_RO","og_type":"article","og_title":"Pisarze mody - bth-format.pl","og_description":"Poznaj zesp\u00f3\u0142 naszego bloga! Pasjonaci mody i eksperci dziel\u0105 si\u0119 wiedz\u0105, inspiracjami i najnowszymi trendami.","og_url":"https:\/\/bth-format.pl\/ro\/pisarze-mody\/","og_site_name":"bth-format.pl","article_modified_time":"2025-02-25T12:40:59+00:00","twitter_card":"summary_large_image","twitter_misc":{"Timp estimat pentru citire":"1 minut"},"schema":{"@context":"https:\/\/schema.org","@graph":[{"@type":"WebPage","@id":"https:\/\/bth-format.pl\/pisarze-mody\/","url":"https:\/\/bth-format.pl\/pisarze-mody\/","name":"Pisarze mody - bth-format.pl","isPartOf":{"@id":"https:\/\/bth-format.pl\/#website"},"datePublished":"2025-02-25T12:40:57+00:00","dateModified":"2025-02-25T12:40:59+00:00","description":"Poznaj zesp\u00f3\u0142 naszego bloga! Pasjonaci mody i eksperci dziel\u0105 si\u0119 wiedz\u0105, inspiracjami i najnowszymi trendami.","breadcrumb":{"@id":"https:\/\/bth-format.pl\/pisarze-mody\/#breadcrumb"},"inLanguage":"ro-RO","potentialAction":[{"@type":"ReadAction","target":["https:\/\/bth-format.pl\/pisarze-mody\/"]}]},{"@type":"BreadcrumbList","@id":"https:\/\/bth-format.pl\/pisarze-mody\/#breadcrumb","itemListElement":[{"@type":"ListItem","position":1,"name":"Home","item":"https:\/\/bth-format.pl\/"},{"@type":"ListItem","position":2,"name":"Pisarze mody"}]},{"@type":"WebSite","@id":"https:\/\/bth-format.pl\/#website","url":"https:\/\/bth-format.pl\/","name":"bth-format.pl","description":"Bluza z rogami: modny spos\u00f3b na wyra\u017cenie siebie.","potentialAction":[{"@type":"SearchAction","target":{"@type":"EntryPoint","urlTemplate":"https:\/\/bth-format.pl\/?s={search_term_string}"},"query-input":{"@type":"PropertyValueSpecification","valueRequired":true,"valueName":"search_term_string"}}],"inLanguage":"ro-RO"}]}},"yoast_meta":{"yoast_wpseo_title":"","yoast_wpseo_metadesc":"","yoast_wpseo_canonical":"https:\/\/bth-format.pl\/ro\/wp-json\/wp\/v2\/pages\/472"},"_links":{"self":[{"href":"https:\/\/bth-format.pl\/ro\/wp-json\/wp\/v2\/pages\/472"}],"collection":[{"href":"https:\/\/bth-format.pl\/ro\/wp-json\/wp\/v2\/pages"}],"about":[{"href":"https:\/\/bth-format.pl\/ro\/wp-json\/wp\/v2\/types\/page"}],"author":[{"embeddable":true,"href":"https:\/\/bth-format.pl\/ro\/wp-json\/wp\/v2\/users\/1"}],"replies":[{"embeddable":true,"href":"https:\/\/bth-format.pl\/ro\/wp-json\/wp\/v2\/comments?post=472"}],"version-history":[{"count":1,"href":"https:\/\/bth-format.pl\/ro\/wp-json\/wp\/v2\/pages\/472\/revisions"}],"predecessor-version":[{"id":473,"href":"https:\/\/bth-format.pl\/ro\/wp-json\/wp\/v2\/pages\/472\/revisions\/473"}],"wp:attachment":[{"href":"https:\/\/bth-format.pl\/ro\/wp-json\/wp\/v2\/media?parent=472"}],"curies":[{"name":"wp","href":"https:\/\/api.w.org\/{rel}","templated":true}]}}